{"id":340,"date":"2026-01-07T12:44:36","date_gmt":"2026-01-07T17:44:36","guid":{"rendered":"https:\/\/panamasafety.com\/?page_id=340"},"modified":"2026-04-06T14:20:56","modified_gmt":"2026-04-06T19:20:56","slug":"promociones","status":"publish","type":"page","link":"https:\/\/panamasafety.com\/?page_id=340","title":{"rendered":"Promociones"},"content":{"rendered":"\t\t<div data-elementor-type=\"wp-page\" data-elementor-id=\"340\" class=\"elementor elementor-340\" data-elementor-post-type=\"page\">\n\t\t\t\t<div class=\"elementor-element elementor-element-5e93cc4 e-con-full background-corporate e-flex e-con e-parent\" data-id=\"5e93cc4\" data-element_type=\"container\" data-e-type=\"container\" data-settings=\"{&quot;jet_parallax_layout_list&quot;:[]}\">\n\t\t<div class=\"elementor-element elementor-element-053753e e-con-full e-flex e-con e-child\" data-id=\"053753e\" data-element_type=\"container\" data-e-type=\"container\" data-settings=\"{&quot;jet_parallax_layout_list&quot;:[]}\">\n\t\t\t\t<div class=\"elementor-element elementor-element-6ca5324 elementor-widget elementor-widget-image\" data-id=\"6ca5324\" data-element_type=\"widget\" data-e-type=\"widget\" data-widget_type=\"image.default\">\n\t\t\t\t\t\t\t\t\t\t\t\t\t\t\t<img fetchpriority=\"high\" decoding=\"async\" width=\"2145\" height=\"1333\" src=\"https:\/\/panamasafety.com\/wp-content\/uploads\/2026\/01\/Recurso-1.webp\" class=\"attachment-full size-full wp-image-342 has-transparency\" alt=\"\" srcset=\"https:\/\/panamasafety.com\/wp-content\/uploads\/2026\/01\/Recurso-1.webp 2145w, https:\/\/panamasafety.com\/wp-content\/uploads\/2026\/01\/Recurso-1-300x186.webp 300w, https:\/\/panamasafety.com\/wp-content\/uploads\/2026\/01\/Recurso-1-1024x636.webp 1024w, https:\/\/panamasafety.com\/wp-content\/uploads\/2026\/01\/Recurso-1-768x477.webp 768w, https:\/\/panamasafety.com\/wp-content\/uploads\/2026\/01\/Recurso-1-1536x955.webp 1536w, https:\/\/panamasafety.com\/wp-content\/uploads\/2026\/01\/Recurso-1-2048x1273.webp 2048w, https:\/\/panamasafety.com\/wp-content\/uploads\/2026\/01\/Recurso-1-600x373.webp 600w\" sizes=\"(max-width: 2145px) 100vw, 2145px\" data-has-transparency=\"true\" data-dominant-color=\"a87f5d\" style=\"--dominant-color: #a87f5d\" \/>\t\t\t\t\t\t\t\t\t\t\t\t\t\t\t<\/div>\n\t\t\t\t<\/div>\n\t\t<div class=\"elementor-element elementor-element-cac2853 e-con-full e-flex e-con e-child\" data-id=\"cac2853\" data-element_type=\"container\" data-e-type=\"container\" data-settings=\"{&quot;jet_parallax_layout_list&quot;:[]}\">\n\t\t<div class=\"elementor-element elementor-element-04426a5 e-con-full e-flex e-con e-child\" data-id=\"04426a5\" data-element_type=\"container\" data-e-type=\"container\" data-settings=\"{&quot;jet_parallax_layout_list&quot;:[]}\">\n\t\t\t\t<div class=\"elementor-element elementor-element-5aa1aa3 elementor-widget elementor-widget-image\" data-id=\"5aa1aa3\" data-element_type=\"widget\" data-e-type=\"widget\" data-widget_type=\"image.default\">\n\t\t\t\t\t\t\t\t\t\t\t\t\t\t\t<img decoding=\"async\" width=\"525\" height=\"1024\" src=\"https:\/\/panamasafety.com\/wp-content\/uploads\/2026\/01\/Recurso-2-525x1024.webp\" class=\"attachment-large size-large wp-image-343 has-transparency\" alt=\"\" srcset=\"https:\/\/panamasafety.com\/wp-content\/uploads\/2026\/01\/Recurso-2-525x1024.webp 525w, https:\/\/panamasafety.com\/wp-content\/uploads\/2026\/01\/Recurso-2-154x300.webp 154w, https:\/\/panamasafety.com\/wp-content\/uploads\/2026\/01\/Recurso-2-768x1497.webp 768w, https:\/\/panamasafety.com\/wp-content\/uploads\/2026\/01\/Recurso-2-788x1536.webp 788w, https:\/\/panamasafety.com\/wp-content\/uploads\/2026\/01\/Recurso-2-600x1170.webp 600w, https:\/\/panamasafety.com\/wp-content\/uploads\/2026\/01\/Recurso-2.webp 937w\" sizes=\"(max-width: 525px) 100vw, 525px\" data-has-transparency=\"true\" data-dominant-color=\"d27254\" style=\"--dominant-color: #d27254\" \/>\t\t\t\t\t\t\t\t\t\t\t\t\t\t\t<\/div>\n\t\t<div class=\"elementor-element elementor-element-a435cf6 e-con-full e-flex e-con e-child\" data-id=\"a435cf6\" data-element_type=\"container\" data-e-type=\"container\" data-settings=\"{&quot;jet_parallax_layout_list&quot;:[]}\">\n\t\t\t\t<div class=\"elementor-element elementor-element-601c21e elementor-widget elementor-widget-heading\" data-id=\"601c21e\" data-element_type=\"widget\" data-e-type=\"widget\" data-widget_type=\"heading.default\">\n\t\t\t\t\t<h2 class=\"elementor-heading-title elementor-size-default\">Precio<\/h2>\t\t\t\t<\/div>\n\t\t\t\t<div class=\"elementor-element elementor-element-a767c8d elementor-widget elementor-widget-heading\" data-id=\"a767c8d\" data-element_type=\"widget\" data-e-type=\"widget\" data-widget_type=\"heading.default\">\n\t\t\t\t\t<h2 class=\"elementor-heading-title elementor-size-default\">$25.97<\/h2>\t\t\t\t<\/div>\n\t\t\t\t<div class=\"elementor-element elementor-element-cccd230 elementor-widget elementor-widget-heading\" data-id=\"cccd230\" data-element_type=\"widget\" data-e-type=\"widget\" data-widget_type=\"heading.default\">\n\t\t\t\t\t<h2 class=\"elementor-heading-title elementor-size-default\">M\u00c1S ITBMS<\/h2>\t\t\t\t<\/div>\n\t\t\t\t<\/div>\n\t\t\t\t<\/div>\n\t\t<div class=\"elementor-element elementor-element-5168023 e-con-full e-flex e-con e-child\" data-id=\"5168023\" data-element_type=\"container\" data-e-type=\"container\" data-settings=\"{&quot;jet_parallax_layout_list&quot;:[]}\">\n\t\t\t\t<div class=\"elementor-element elementor-element-76e4446 elementor-widget elementor-widget-heading\" data-id=\"76e4446\" data-element_type=\"widget\" data-e-type=\"widget\" data-widget_type=\"heading.default\">\n\t\t\t\t\t<h2 class=\"elementor-heading-title elementor-size-default\">COMBO LLUVIA<\/h2>\t\t\t\t<\/div>\n\t\t\t\t<div class=\"elementor-element elementor-element-e8feeee elementor-widget-divider--view-line elementor-widget elementor-widget-divider\" data-id=\"e8feeee\" data-element_type=\"widget\" data-e-type=\"widget\" data-widget_type=\"divider.default\">\n\t\t\t\t\t\t\t<div class=\"elementor-divider\">\n\t\t\t<span class=\"elementor-divider-separator\">\n\t\t\t\t\t\t<\/span>\n\t\t<\/div>\n\t\t\t\t\t\t<\/div>\n\t\t\t\t<div class=\"elementor-element elementor-element-fab7e34 elementor-widget elementor-widget-text-editor\" data-id=\"fab7e34\" data-element_type=\"widget\" data-e-type=\"widget\" data-widget_type=\"text-editor.default\">\n\t\t\t\t\t\t\t\t\t<p>Prep\u00e1rate para trabajar seguro bajo la lluvia con nuestro Combo Lluvia, dise\u00f1ado para ofrecerte visibilidad, comodidad y protecci\u00f3n en cualquier entorno.<\/p><p>Este combo incluye:<br \/>Capote de Dos Piezas ZTG09 \u2013 Impermeable, resistente y c\u00f3modo, ideal para mantenerte seco mientras realizas tus labores en exteriores.<br \/><br \/>Botas para Lluvia Antideslizantes \u2013 Fabricadas en material resistente, perfectas para terrenos mojados y superficies inestables, brindando seguridad y firmeza en cada paso.<br \/><br \/>Cono Reflectante de Alta Visibilidad \u2013 Asegura tu zona de trabajo y aumenta la visibilidad incluso en condiciones de baja iluminaci\u00f3n o lluvia intensa.<\/p><p>El combo perfecto para equipos de trabajo, construcciones, operaciones viales y personal que enfrenta condiciones clim\u00e1ticas adversas.<\/p>\t\t\t\t\t\t\t\t<\/div>\n\t\t\t\t<\/div>\n\t\t\t\t<\/div>\n\t\t<div class=\"elementor-element elementor-element-af56e79 e-con-full e-flex e-con e-child\" data-id=\"af56e79\" data-element_type=\"container\" data-e-type=\"container\" data-settings=\"{&quot;jet_parallax_layout_list&quot;:[]}\">\n\t\t\t\t<div class=\"elementor-element elementor-element-800ef37 elementor-widget elementor-widget-image\" data-id=\"800ef37\" data-element_type=\"widget\" data-e-type=\"widget\" data-widget_type=\"image.default\">\n\t\t\t\t\t\t\t\t\t\t\t\t\t\t\t\t<a href=\"#\">\n\t\t\t\t\t\t\t<img decoding=\"async\" width=\"1852\" height=\"735\" src=\"https:\/\/panamasafety.com\/wp-content\/uploads\/2026\/01\/Recurso-3.webp\" class=\"elementor-animation-shrink attachment-full size-full wp-image-365 has-transparency\" alt=\"\" srcset=\"https:\/\/panamasafety.com\/wp-content\/uploads\/2026\/01\/Recurso-3.webp 1852w, https:\/\/panamasafety.com\/wp-content\/uploads\/2026\/01\/Recurso-3-300x119.webp 300w, https:\/\/panamasafety.com\/wp-content\/uploads\/2026\/01\/Recurso-3-1024x406.webp 1024w, https:\/\/panamasafety.com\/wp-content\/uploads\/2026\/01\/Recurso-3-768x305.webp 768w, https:\/\/panamasafety.com\/wp-content\/uploads\/2026\/01\/Recurso-3-1536x610.webp 1536w, https:\/\/panamasafety.com\/wp-content\/uploads\/2026\/01\/Recurso-3-600x238.webp 600w\" sizes=\"(max-width: 1852px) 100vw, 1852px\" data-has-transparency=\"true\" data-dominant-color=\"80ab99\" style=\"--dominant-color: #80ab99\" \/>\t\t\t\t\t\t\t\t<\/a>\n\t\t\t\t\t\t\t\t\t\t\t\t\t\t\t<\/div>\n\t\t\t\t<\/div>\n\t\t\t\t<\/div>\n\t\t\t\t<\/div>\n\t\t","protected":false},"excerpt":{"rendered":"<p>Precio $25.97 M\u00c1S ITBMS COMBO LLUVIA Prep\u00e1rate para trabajar seguro bajo la lluvia con nuestro Combo Lluvia, dise\u00f1ado para ofrecerte visibilidad, comodidad y protecci\u00f3n en cualquier entorno. Este combo incluye:Capote de Dos Piezas ZTG09 \u2013 Impermeable, resistente y c\u00f3modo, ideal para mantenerte seco mientras realizas tus labores en exteriores. Botas para Lluvia Antideslizantes \u2013 Fabricadas [&hellip;]<\/p>\n","protected":false},"author":6,"featured_media":0,"parent":0,"menu_order":0,"comment_status":"closed","ping_status":"closed","template":"","meta":{"footnotes":""},"class_list":["post-340","page","type-page","status-publish","hentry"],"yoast_head":"<!-- This site is optimized with the Yoast SEO plugin v27.4 - https:\/\/yoast.com\/product\/yoast-seo-wordpress\/ -->\n<title>Promociones - Panamasafety<\/title>\n<meta name=\"robots\" content=\"index, follow, max-snippet:-1, max-image-preview:large, max-video-preview:-1\" \/>\n<link rel=\"canonical\" href=\"https:\/\/panamasafety.com\/?page_id=340\" \/>\n<meta property=\"og:locale\" content=\"es_ES\" \/>\n<meta property=\"og:type\" content=\"article\" \/>\n<meta property=\"og:title\" content=\"Promociones - Panamasafety\" \/>\n<meta property=\"og:description\" content=\"Precio $25.97 M\u00c1S ITBMS COMBO LLUVIA Prep\u00e1rate para trabajar seguro bajo la lluvia con nuestro Combo Lluvia, dise\u00f1ado para ofrecerte visibilidad, comodidad y protecci\u00f3n en cualquier entorno. Este combo incluye:Capote de Dos Piezas ZTG09 \u2013 Impermeable, resistente y c\u00f3modo, ideal para mantenerte seco mientras realizas tus labores en exteriores. Botas para Lluvia Antideslizantes \u2013 Fabricadas [&hellip;]\" \/>\n<meta property=\"og:url\" content=\"https:\/\/panamasafety.com\/?page_id=340\" \/>\n<meta property=\"og:site_name\" content=\"Panamasafety\" \/>\n<meta property=\"article:modified_time\" content=\"2026-04-06T19:20:56+00:00\" \/>\n<meta property=\"og:image\" content=\"https:\/\/panamasafety.com\/wp-content\/uploads\/2026\/01\/Recurso-1.webp\" \/>\n<meta name=\"twitter:card\" content=\"summary_large_image\" \/>\n<meta name=\"twitter:label1\" content=\"Tiempo de lectura\" \/>\n\t<meta name=\"twitter:data1\" content=\"1 minuto\" \/>\n<script type=\"application\/ld+json\" class=\"yoast-schema-graph\">{\"@context\":\"https:\\\/\\\/schema.org\",\"@graph\":[{\"@type\":\"WebPage\",\"@id\":\"https:\\\/\\\/panamasafety.com\\\/?page_id=340\",\"url\":\"https:\\\/\\\/panamasafety.com\\\/?page_id=340\",\"name\":\"Promociones - Panamasafety\",\"isPartOf\":{\"@id\":\"https:\\\/\\\/panamasafety.com\\\/#website\"},\"primaryImageOfPage\":{\"@id\":\"https:\\\/\\\/panamasafety.com\\\/?page_id=340#primaryimage\"},\"image\":{\"@id\":\"https:\\\/\\\/panamasafety.com\\\/?page_id=340#primaryimage\"},\"thumbnailUrl\":\"https:\\\/\\\/panamasafety.com\\\/wp-content\\\/uploads\\\/2026\\\/01\\\/Recurso-1.webp\",\"datePublished\":\"2026-01-07T17:44:36+00:00\",\"dateModified\":\"2026-04-06T19:20:56+00:00\",\"breadcrumb\":{\"@id\":\"https:\\\/\\\/panamasafety.com\\\/?page_id=340#breadcrumb\"},\"inLanguage\":\"es\",\"potentialAction\":[{\"@type\":\"ReadAction\",\"target\":[\"https:\\\/\\\/panamasafety.com\\\/?page_id=340\"]}]},{\"@type\":\"ImageObject\",\"inLanguage\":\"es\",\"@id\":\"https:\\\/\\\/panamasafety.com\\\/?page_id=340#primaryimage\",\"url\":\"https:\\\/\\\/panamasafety.com\\\/wp-content\\\/uploads\\\/2026\\\/01\\\/Recurso-1.webp\",\"contentUrl\":\"https:\\\/\\\/panamasafety.com\\\/wp-content\\\/uploads\\\/2026\\\/01\\\/Recurso-1.webp\",\"width\":2145,\"height\":1333},{\"@type\":\"BreadcrumbList\",\"@id\":\"https:\\\/\\\/panamasafety.com\\\/?page_id=340#breadcrumb\",\"itemListElement\":[{\"@type\":\"ListItem\",\"position\":1,\"name\":\"Portada\",\"item\":\"https:\\\/\\\/panamasafety.com\\\/\"},{\"@type\":\"ListItem\",\"position\":2,\"name\":\"Promociones\"}]},{\"@type\":\"WebSite\",\"@id\":\"https:\\\/\\\/panamasafety.com\\\/#website\",\"url\":\"https:\\\/\\\/panamasafety.com\\\/\",\"name\":\"Panamasafety\",\"description\":\"\",\"potentialAction\":[{\"@type\":\"SearchAction\",\"target\":{\"@type\":\"EntryPoint\",\"urlTemplate\":\"https:\\\/\\\/panamasafety.com\\\/?s={search_term_string}\"},\"query-input\":{\"@type\":\"PropertyValueSpecification\",\"valueRequired\":true,\"valueName\":\"search_term_string\"}}],\"inLanguage\":\"es\"}]}<\/script>\n<!-- \/ Yoast SEO plugin. -->","yoast_head_json":{"title":"Promociones - Panamasafety","robots":{"index":"index","follow":"follow","max-snippet":"max-snippet:-1","max-image-preview":"max-image-preview:large","max-video-preview":"max-video-preview:-1"},"canonical":"https:\/\/panamasafety.com\/?page_id=340","og_locale":"es_ES","og_type":"article","og_title":"Promociones - Panamasafety","og_description":"Precio $25.97 M\u00c1S ITBMS COMBO LLUVIA Prep\u00e1rate para trabajar seguro bajo la lluvia con nuestro Combo Lluvia, dise\u00f1ado para ofrecerte visibilidad, comodidad y protecci\u00f3n en cualquier entorno. Este combo incluye:Capote de Dos Piezas ZTG09 \u2013 Impermeable, resistente y c\u00f3modo, ideal para mantenerte seco mientras realizas tus labores en exteriores. Botas para Lluvia Antideslizantes \u2013 Fabricadas [&hellip;]","og_url":"https:\/\/panamasafety.com\/?page_id=340","og_site_name":"Panamasafety","article_modified_time":"2026-04-06T19:20:56+00:00","og_image":[{"url":"https:\/\/panamasafety.com\/wp-content\/uploads\/2026\/01\/Recurso-1.webp","type":"","width":"","height":""}],"twitter_card":"summary_large_image","twitter_misc":{"Tiempo de lectura":"1 minuto"},"schema":{"@context":"https:\/\/schema.org","@graph":[{"@type":"WebPage","@id":"https:\/\/panamasafety.com\/?page_id=340","url":"https:\/\/panamasafety.com\/?page_id=340","name":"Promociones - Panamasafety","isPartOf":{"@id":"https:\/\/panamasafety.com\/#website"},"primaryImageOfPage":{"@id":"https:\/\/panamasafety.com\/?page_id=340#primaryimage"},"image":{"@id":"https:\/\/panamasafety.com\/?page_id=340#primaryimage"},"thumbnailUrl":"https:\/\/panamasafety.com\/wp-content\/uploads\/2026\/01\/Recurso-1.webp","datePublished":"2026-01-07T17:44:36+00:00","dateModified":"2026-04-06T19:20:56+00:00","breadcrumb":{"@id":"https:\/\/panamasafety.com\/?page_id=340#breadcrumb"},"inLanguage":"es","potentialAction":[{"@type":"ReadAction","target":["https:\/\/panamasafety.com\/?page_id=340"]}]},{"@type":"ImageObject","inLanguage":"es","@id":"https:\/\/panamasafety.com\/?page_id=340#primaryimage","url":"https:\/\/panamasafety.com\/wp-content\/uploads\/2026\/01\/Recurso-1.webp","contentUrl":"https:\/\/panamasafety.com\/wp-content\/uploads\/2026\/01\/Recurso-1.webp","width":2145,"height":1333},{"@type":"BreadcrumbList","@id":"https:\/\/panamasafety.com\/?page_id=340#breadcrumb","itemListElement":[{"@type":"ListItem","position":1,"name":"Portada","item":"https:\/\/panamasafety.com\/"},{"@type":"ListItem","position":2,"name":"Promociones"}]},{"@type":"WebSite","@id":"https:\/\/panamasafety.com\/#website","url":"https:\/\/panamasafety.com\/","name":"Panamasafety","description":"","potentialAction":[{"@type":"SearchAction","target":{"@type":"EntryPoint","urlTemplate":"https:\/\/panamasafety.com\/?s={search_term_string}"},"query-input":{"@type":"PropertyValueSpecification","valueRequired":true,"valueName":"search_term_string"}}],"inLanguage":"es"}]}},"_links":{"self":[{"href":"https:\/\/panamasafety.com\/index.php?rest_route=\/wp\/v2\/pages\/340","targetHints":{"allow":["GET"]}}],"collection":[{"href":"https:\/\/panamasafety.com\/index.php?rest_route=\/wp\/v2\/pages"}],"about":[{"href":"https:\/\/panamasafety.com\/index.php?rest_route=\/wp\/v2\/types\/page"}],"author":[{"embeddable":true,"href":"https:\/\/panamasafety.com\/index.php?rest_route=\/wp\/v2\/users\/6"}],"replies":[{"embeddable":true,"href":"https:\/\/panamasafety.com\/index.php?rest_route=%2Fwp%2Fv2%2Fcomments&post=340"}],"version-history":[{"count":64,"href":"https:\/\/panamasafety.com\/index.php?rest_route=\/wp\/v2\/pages\/340\/revisions"}],"predecessor-version":[{"id":1144,"href":"https:\/\/panamasafety.com\/index.php?rest_route=\/wp\/v2\/pages\/340\/revisions\/1144"}],"wp:attachment":[{"href":"https:\/\/panamasafety.com\/index.php?rest_route=%2Fwp%2Fv2%2Fmedia&parent=340"}],"curies":[{"name":"wp","href":"https:\/\/api.w.org\/{rel}","templated":true}]}}